{"id":10020,"date":"2023-08-25T15:33:05","date_gmt":"2023-08-25T13:33:05","guid":{"rendered":"https:\/\/www.s-b-c.fr\/cookie-policy-eu\/"},"modified":"2023-08-25T15:33:05","modified_gmt":"2023-08-25T13:33:05","slug":"cookie-policy-eu","status":"publish","type":"page","link":"https:\/\/www.s-b-c.fr\/en\/cookie-policy-eu\/","title":{"rendered":"Cookie policy (EU)"},"content":{"rendered":"<p>[cmplz-document type=&#8221;cookie-statement&#8221; region=&#8221;eu&#8221;]<\/p>\n","protected":false},"excerpt":{"rendered":"<p>[cmplz-document type=&#8221;cookie-statement&#8221; region=&#8221;eu&#8221;]<\/p>\n","protected":false},"author":1,"featured_media":0,"parent":0,"menu_order":0,"comment_status":"closed","ping_status":"closed","template":"","meta":{"_acf_changed":false,"om_disable_all_campaigns":false,"footnotes":""},"class_list":["post-10020","page","type-page","status-publish","hentry"],"acf":[],"yoast_head":"<!-- This site is optimized with the Yoast SEO plugin v27.3 - https:\/\/yoast.com\/product\/yoast-seo-wordpress\/ -->\n<title>Cookie policy (EU) - Fabricant fran\u00e7ais<\/title>\n<meta name=\"description\" content=\"D\u00e9couvrez notre gamme compl\u00e8te de bennes de manutention. Des solutions de qualit\u00e9 pour r\u00e9pondre \u00e0 votre besoin.\" \/>\n<meta name=\"robots\" content=\"index, follow, max-snippet:-1, max-image-preview:large, max-video-preview:-1\" \/>\n<link rel=\"canonical\" href=\"https:\/\/www.s-b-c.fr\/en\/cookie-policy-eu\/\" \/>\n<meta property=\"og:locale\" content=\"en_US\" \/>\n<meta property=\"og:type\" content=\"article\" \/>\n<meta property=\"og:title\" content=\"Cookie policy (EU) - Fabricant fran\u00e7ais\" \/>\n<meta property=\"og:description\" content=\"D\u00e9couvrez notre gamme compl\u00e8te de bennes de manutention. Des solutions de qualit\u00e9 pour r\u00e9pondre \u00e0 votre besoin.\" \/>\n<meta property=\"og:url\" content=\"https:\/\/www.s-b-c.fr\/en\/cookie-policy-eu\/\" \/>\n<meta property=\"og:site_name\" content=\"Fabricant fran\u00e7ais\" \/>\n<meta property=\"og:image\" content=\"https:\/\/www.s-b-c.fr\/wp-content\/uploads\/2023\/02\/benne-basculante-renforcee-basse-2.jpg\" \/>\n\t<meta property=\"og:image:width\" content=\"720\" \/>\n\t<meta property=\"og:image:height\" content=\"479\" \/>\n\t<meta property=\"og:image:type\" content=\"image\/jpeg\" \/>\n<script type=\"application\/ld+json\" class=\"yoast-schema-graph\">{\"@context\":\"https:\\\/\\\/schema.org\",\"@graph\":[{\"@type\":\"WebPage\",\"@id\":\"https:\\\/\\\/www.s-b-c.fr\\\/en\\\/cookie-policy-eu\\\/\",\"url\":\"https:\\\/\\\/www.s-b-c.fr\\\/en\\\/cookie-policy-eu\\\/\",\"name\":\"Cookie policy (EU) - Fabricant fran\u00e7ais\",\"isPartOf\":{\"@id\":\"https:\\\/\\\/www.s-b-c.fr\\\/en\\\/#website\"},\"datePublished\":\"2023-08-25T13:33:05+00:00\",\"description\":\"D\u00e9couvrez notre gamme compl\u00e8te de bennes de manutention. Des solutions de qualit\u00e9 pour r\u00e9pondre \u00e0 votre besoin.\",\"breadcrumb\":{\"@id\":\"https:\\\/\\\/www.s-b-c.fr\\\/en\\\/cookie-policy-eu\\\/#breadcrumb\"},\"inLanguage\":\"en-US\",\"potentialAction\":[{\"@type\":\"ReadAction\",\"target\":[\"https:\\\/\\\/www.s-b-c.fr\\\/en\\\/cookie-policy-eu\\\/\"]}]},{\"@type\":\"BreadcrumbList\",\"@id\":\"https:\\\/\\\/www.s-b-c.fr\\\/en\\\/cookie-policy-eu\\\/#breadcrumb\",\"itemListElement\":[{\"@type\":\"ListItem\",\"position\":1,\"name\":\"Accueil\",\"item\":\"https:\\\/\\\/www.s-b-c.fr\\\/en\\\/\"},{\"@type\":\"ListItem\",\"position\":2,\"name\":\"Cookie policy (EU)\"}]},{\"@type\":\"WebSite\",\"@id\":\"https:\\\/\\\/www.s-b-c.fr\\\/en\\\/#website\",\"url\":\"https:\\\/\\\/www.s-b-c.fr\\\/en\\\/\",\"name\":\"SBC\",\"description\":\"Bennes de manutention et Mat\u00e9riels de BTP\",\"publisher\":{\"@id\":\"https:\\\/\\\/www.s-b-c.fr\\\/en\\\/#organization\"},\"alternateName\":\"SBC - Fabricant Fran\u00e7ais\",\"potentialAction\":[{\"@type\":\"SearchAction\",\"target\":{\"@type\":\"EntryPoint\",\"urlTemplate\":\"https:\\\/\\\/www.s-b-c.fr\\\/en\\\/?s={search_term_string}\"},\"query-input\":{\"@type\":\"PropertyValueSpecification\",\"valueRequired\":true,\"valueName\":\"search_term_string\"}}],\"inLanguage\":\"en-US\"},{\"@type\":\"Organization\",\"@id\":\"https:\\\/\\\/www.s-b-c.fr\\\/en\\\/#organization\",\"name\":\"SBC\",\"alternateName\":\"SBC - Fabricant Fran\u00e7ais\",\"url\":\"https:\\\/\\\/www.s-b-c.fr\\\/en\\\/\",\"logo\":{\"@type\":\"ImageObject\",\"inLanguage\":\"en-US\",\"@id\":\"https:\\\/\\\/www.s-b-c.fr\\\/en\\\/#\\\/schema\\\/logo\\\/image\\\/\",\"url\":\"\",\"contentUrl\":\"\",\"caption\":\"SBC\"},\"image\":{\"@id\":\"https:\\\/\\\/www.s-b-c.fr\\\/en\\\/#\\\/schema\\\/logo\\\/image\\\/\"},\"sameAs\":[\"https:\\\/\\\/fr.linkedin.com\\\/company\\\/soci\u00e9t\u00e9-sbc\"]}]}<\/script>\n<!-- \/ Yoast SEO plugin. -->","yoast_head_json":{"title":"Cookie policy (EU) - Fabricant fran\u00e7ais","description":"D\u00e9couvrez notre gamme compl\u00e8te de bennes de manutention. Des solutions de qualit\u00e9 pour r\u00e9pondre \u00e0 votre besoin.","robots":{"index":"index","follow":"follow","max-snippet":"max-snippet:-1","max-image-preview":"max-image-preview:large","max-video-preview":"max-video-preview:-1"},"canonical":"https:\/\/www.s-b-c.fr\/en\/cookie-policy-eu\/","og_locale":"en_US","og_type":"article","og_title":"Cookie policy (EU) - Fabricant fran\u00e7ais","og_description":"D\u00e9couvrez notre gamme compl\u00e8te de bennes de manutention. Des solutions de qualit\u00e9 pour r\u00e9pondre \u00e0 votre besoin.","og_url":"https:\/\/www.s-b-c.fr\/en\/cookie-policy-eu\/","og_site_name":"Fabricant fran\u00e7ais","og_image":[{"width":720,"height":479,"url":"https:\/\/www.s-b-c.fr\/wp-content\/uploads\/2023\/02\/benne-basculante-renforcee-basse-2.jpg","type":"image\/jpeg"}],"schema":{"@context":"https:\/\/schema.org","@graph":[{"@type":"WebPage","@id":"https:\/\/www.s-b-c.fr\/en\/cookie-policy-eu\/","url":"https:\/\/www.s-b-c.fr\/en\/cookie-policy-eu\/","name":"Cookie policy (EU) - Fabricant fran\u00e7ais","isPartOf":{"@id":"https:\/\/www.s-b-c.fr\/en\/#website"},"datePublished":"2023-08-25T13:33:05+00:00","description":"D\u00e9couvrez notre gamme compl\u00e8te de bennes de manutention. Des solutions de qualit\u00e9 pour r\u00e9pondre \u00e0 votre besoin.","breadcrumb":{"@id":"https:\/\/www.s-b-c.fr\/en\/cookie-policy-eu\/#breadcrumb"},"inLanguage":"en-US","potentialAction":[{"@type":"ReadAction","target":["https:\/\/www.s-b-c.fr\/en\/cookie-policy-eu\/"]}]},{"@type":"BreadcrumbList","@id":"https:\/\/www.s-b-c.fr\/en\/cookie-policy-eu\/#breadcrumb","itemListElement":[{"@type":"ListItem","position":1,"name":"Accueil","item":"https:\/\/www.s-b-c.fr\/en\/"},{"@type":"ListItem","position":2,"name":"Cookie policy (EU)"}]},{"@type":"WebSite","@id":"https:\/\/www.s-b-c.fr\/en\/#website","url":"https:\/\/www.s-b-c.fr\/en\/","name":"SBC","description":"Bennes de manutention et Mat\u00e9riels de BTP","publisher":{"@id":"https:\/\/www.s-b-c.fr\/en\/#organization"},"alternateName":"SBC - Fabricant Fran\u00e7ais","potentialAction":[{"@type":"SearchAction","target":{"@type":"EntryPoint","urlTemplate":"https:\/\/www.s-b-c.fr\/en\/?s={search_term_string}"},"query-input":{"@type":"PropertyValueSpecification","valueRequired":true,"valueName":"search_term_string"}}],"inLanguage":"en-US"},{"@type":"Organization","@id":"https:\/\/www.s-b-c.fr\/en\/#organization","name":"SBC","alternateName":"SBC - Fabricant Fran\u00e7ais","url":"https:\/\/www.s-b-c.fr\/en\/","logo":{"@type":"ImageObject","inLanguage":"en-US","@id":"https:\/\/www.s-b-c.fr\/en\/#\/schema\/logo\/image\/","url":"","contentUrl":"","caption":"SBC"},"image":{"@id":"https:\/\/www.s-b-c.fr\/en\/#\/schema\/logo\/image\/"},"sameAs":["https:\/\/fr.linkedin.com\/company\/soci\u00e9t\u00e9-sbc"]}]}},"_links":{"self":[{"href":"https:\/\/www.s-b-c.fr\/en\/wp-json\/wp\/v2\/pages\/10020","targetHints":{"allow":["GET"]}}],"collection":[{"href":"https:\/\/www.s-b-c.fr\/en\/wp-json\/wp\/v2\/pages"}],"about":[{"href":"https:\/\/www.s-b-c.fr\/en\/wp-json\/wp\/v2\/types\/page"}],"author":[{"embeddable":true,"href":"https:\/\/www.s-b-c.fr\/en\/wp-json\/wp\/v2\/users\/1"}],"replies":[{"embeddable":true,"href":"https:\/\/www.s-b-c.fr\/en\/wp-json\/wp\/v2\/comments?post=10020"}],"version-history":[{"count":0,"href":"https:\/\/www.s-b-c.fr\/en\/wp-json\/wp\/v2\/pages\/10020\/revisions"}],"wp:attachment":[{"href":"https:\/\/www.s-b-c.fr\/en\/wp-json\/wp\/v2\/media?parent=10020"}],"curies":[{"name":"wp","href":"https:\/\/api.w.org\/{rel}","templated":true}]}}